{"id":709,"date":"2021-03-30T18:14:33","date_gmt":"2021-03-30T18:14:33","guid":{"rendered":"https:\/\/veynes.fr\/?page_id=709"},"modified":"2021-12-28T20:33:50","modified_gmt":"2021-12-28T20:33:50","slug":"identite-authentification","status":"publish","type":"page","link":"https:\/\/veynes.fr\/?page_id=709","title":{"rendered":"Identit\u00e9-Authentification"},"content":{"rendered":"\t\t<div data-elementor-type=\"wp-page\" data-elementor-id=\"709\" class=\"elementor elementor-709\">\n\t\t\t\t\t\t<section class=\"elementor-section elementor-top-section elementor-element elementor-element-20a28f6 elementor-section-boxed elementor-section-height-default elementor-section-height-default\" data-id=\"20a28f6\" data-element_type=\"section\">\n\t\t\t\t\t\t<div class=\"elementor-container elementor-column-gap-default\">\n\t\t\t\t\t<div class=\"elementor-column elementor-col-100 elementor-top-column elementor-element elementor-element-6065945\" data-id=\"6065945\" data-element_type=\"column\">\n\t\t\t<div class=\"elementor-widget-wrap elementor-element-populated\">\n\t\t\t\t\t\t<div class=\"elementor-element elementor-element-c8be55c elementor-widget elementor-widget-text-editor\" data-id=\"c8be55c\" data-element_type=\"widget\" data-widget_type=\"text-editor.default\">\n\t\t\t\t<div class=\"elementor-widget-container\">\n\t\t\t\t\t\t\t\t\t<ul><li><h4><a href=\"https:\/\/www.service-public.fr\/particuliers\/vosdroits\/N358\">Carte d&#8217;identit\u00e9<\/a><\/h4><\/li><li><h4><a href=\"https:\/\/www.service-public.fr\/particuliers\/vosdroits\/N360\">Passeport<\/a><\/h4><\/li><li><h4><a href=\"https:\/\/www.service-public.fr\/particuliers\/vosdroits\/N151\">Nom et Pr\u00e9nom<\/a><\/h4><\/li><li><h4><a href=\"https:\/\/www.service-public.fr\/particuliers\/vosdroits\/N365\">Certificat, copie, l\u00e9galisation et conservation de documents<\/a><\/h4><\/li><\/ul>\t\t\t\t\t\t\t\t<\/div>\n\t\t\t\t<\/div>\n\t\t\t\t\t<\/div>\n\t\t<\/div>\n\t\t\t\t\t<\/div>\n\t\t<\/section>\n\t\t\t\t<\/div>\n\t\t","protected":false},"excerpt":{"rendered":"<p>Carte d&#8217;identit\u00e9 Passeport Nom et Pr\u00e9nom Certificat, copie, l\u00e9galisation et conservation de documents<\/p>\n","protected":false},"author":6,"featured_media":0,"parent":0,"menu_order":0,"comment_status":"closed","ping_status":"closed","template":"","meta":{"footnotes":""},"class_list":["post-709","page","type-page","status-publish","hentry"],"_links":{"self":[{"href":"https:\/\/veynes.fr\/index.php?rest_route=\/wp\/v2\/pages\/709","targetHints":{"allow":["GET"]}}],"collection":[{"href":"https:\/\/veynes.fr\/index.php?rest_route=\/wp\/v2\/pages"}],"about":[{"href":"https:\/\/veynes.fr\/index.php?rest_route=\/wp\/v2\/types\/page"}],"author":[{"embeddable":true,"href":"https:\/\/veynes.fr\/index.php?rest_route=\/wp\/v2\/users\/6"}],"replies":[{"embeddable":true,"href":"https:\/\/veynes.fr\/index.php?rest_route=%2Fwp%2Fv2%2Fcomments&post=709"}],"version-history":[{"count":5,"href":"https:\/\/veynes.fr\/index.php?rest_route=\/wp\/v2\/pages\/709\/revisions"}],"predecessor-version":[{"id":2248,"href":"https:\/\/veynes.fr\/index.php?rest_route=\/wp\/v2\/pages\/709\/revisions\/2248"}],"wp:attachment":[{"href":"https:\/\/veynes.fr\/index.php?rest_route=%2Fwp%2Fv2%2Fmedia&parent=709"}],"curies":[{"name":"wp","href":"https:\/\/api.w.org\/{rel}","templated":true}]}}