{"id":1737,"date":"2021-10-13T09:07:28","date_gmt":"2021-10-13T09:07:28","guid":{"rendered":"https:\/\/veynes.fr\/?page_id=1737"},"modified":"2021-12-09T15:15:38","modified_gmt":"2021-12-09T15:15:38","slug":"mentions-legales-et-politique-de-confidentialite-2","status":"publish","type":"page","link":"https:\/\/veynes.fr\/?page_id=1737","title":{"rendered":"Mentions l\u00e9gales et politique de confidentialit\u00e9"},"content":{"rendered":"\n<h2 class=\"wp-block-heading\">Qui sommes-nous&nbsp;?<\/h2>\n\n\n\n<p class=\"has-text-align-center\">Mairie de Veynes<\/p>\n\n\n\n<p class=\"has-text-align-center\">Place de la R\u00e9publique<\/p>\n\n\n\n<p class=\"has-text-align-center\">05400 Veynes<\/p>\n\n\n\n<p class=\"has-text-align-center\">04.92.58.10.22<\/p>\n\n\n\n<p class=\"has-text-align-center\">secretariatgrl@veynes.fr<\/p>\n\n\n\n<p class=\"has-text-align-center\">L\u2019adresse de notre site est&nbsp;: https:\/\/veynes.fr.<\/p>\n\n\n\n<p> <\/p>\n\n\n\n<h2 class=\"wp-block-heading\">Directeur de publication : <\/h2>\n\n\n\n<p>Mr Christian GILARDEAU-TRUFFINET &#8211; Maire de la commune<\/p>\n\n\n\n<h2 class=\"wp-block-heading\">Commentaires<\/h2>\n\n\n\n<p>Quand vous laissez un commentaire sur notre site, les donn\u00e9es inscrites dans le formulaire de commentaire, mais aussi votre adresse IP et l\u2019agent utilisateur de votre navigateur sont collect\u00e9s pour nous aider \u00e0 la d\u00e9tection des commentaires ind\u00e9sirables.<\/p>\n\n\n\n<p>Une cha\u00eene anonymis\u00e9e cr\u00e9\u00e9e \u00e0 partir de votre adresse e-mail (\u00e9galement appel\u00e9e hash) peut \u00eatre envoy\u00e9e au service Gravatar pour v\u00e9rifier si vous utilisez ce dernier. Les clauses de confidentialit\u00e9 du service Gravatar sont disponibles ici&nbsp;: https:\/\/automattic.com\/privacy\/. Apr\u00e8s validation de votre commentaire, votre photo de profil sera visible publiquement \u00e0 cot\u00e9 de votre commentaire.<\/p>\n\n\n\n<h2 class=\"wp-block-heading\">Cookies<\/h2>\n\n\n\n<p><strong class=\"privacy-policy-tutorial\"><\/strong>Si vous d\u00e9posez un commentaire sur notre site, il vous sera propos\u00e9 d\u2019enregistrer votre nom, adresse e-mail et site dans des cookies. C\u2019est uniquement pour votre confort afin de ne pas avoir \u00e0 saisir ces informations si vous d\u00e9posez un autre commentaire plus tard. Ces cookies expirent au bout d\u2019un an.<\/p>\n\n\n\n<p>Si vous vous rendez sur la page de connexion, un cookie temporaire sera cr\u00e9\u00e9 afin de d\u00e9terminer si votre navigateur accepte les cookies. Il ne contient pas de donn\u00e9es personnelles et sera supprim\u00e9 automatiquement \u00e0 la fermeture de votre navigateur.<\/p>\n\n\n\n<p>Lorsque vous vous connecterez, nous mettrons en place un certain nombre de cookies pour enregistrer vos informations de connexion et vos pr\u00e9f\u00e9rences d\u2019\u00e9cran. La dur\u00e9e de vie d\u2019un cookie de connexion est de deux jours, celle d\u2019un cookie d\u2019option d\u2019\u00e9cran est d\u2019un an. Si vous cochez \u00ab&nbsp;Se souvenir de moi&nbsp;\u00bb, votre cookie de connexion sera conserv\u00e9 pendant deux semaines. Si vous vous d\u00e9connectez de votre compte, le cookie de connexion sera effac\u00e9.<\/p>\n\n\n\n<p>En modifiant ou en publiant une publication, un cookie suppl\u00e9mentaire sera enregistr\u00e9 dans votre navigateur. Ce cookie ne comprend aucune donn\u00e9e personnelle. Il indique simplement l\u2019ID de la publication que vous venez de modifier. Il expire au bout d\u2019un jour.<\/p>\n\n\n\n<p>La navigation sur ce site provoque l\u2019installation de petits fichiers, nomm\u00e9s&nbsp;<a rel=\"noreferrer noopener\" href=\"https:\/\/fr.wikipedia.org\/wiki\/Cookie_(informatique)\" target=\"_blank\">cookies<\/a>, sur le navigateur de l\u2019utilisateur. Lors de votre visite sur le site, la mairie de <strong>Veynes<\/strong> peut enregistrer des cookies sur votre ordinateur. Ils stockent des informations relatives \u00e0 votre navigation sur notre site (les pages que vous avez consult\u00e9es, la date et l&#8217;heure de la consultation, etc.). Ces cookies ne nous permettent pas de vous identifier.<\/p>\n\n\n\n<p>Cependant, le refus d\u2019installation d\u2019un cookie peut bloquer techniquement l\u2019acc\u00e8s \u00e0 certains services et r\u00e9duire notre capacit\u00e9 \u00e0 am\u00e9liorer l&#8217;exp\u00e9rience de navigation <em>via<\/em> des mesures d&#8217;audience.<\/p>\n\n\n\n<p><strong><em>Ci-dessous la liste des cookies utilis\u00e9s<\/em>.<\/strong><\/p>\n\n\n\n<figure class=\"wp-block-table\"><table><thead><tr><td><strong>Nom du cookie<\/strong><\/td><td><strong>Finalit\u00e9<\/strong><\/td><td><strong>Dur\u00e9e de conservation<\/strong><\/td><\/tr><\/thead><tbody><tr><td><em>CONSENT<\/em><\/td><td><em>Ces cookies permettent un bon fonctionnement des services Google impl\u00e9ment\u00e9s sur le site comme par exemple Youtube ou Google Maps. Ils permettent \u00e9galement de reconna\u00eetre un compte Google, de rester connect\u00e9 et d&#8217;enregistrer les pr\u00e9f\u00e9rences des utilisateurs comme par exemple le consentement.<\/em><\/td><td><em>Session<\/em><\/td><\/tr><tr><td>NID<\/td><td><em>Ces cookies permettent un bon fonctionnement des services Google impl\u00e9ment\u00e9s sur le site comme par exemple Youtube ou Google Maps. Ils permettent \u00e9galement de reconna\u00eetre un compte Google, de rester connect\u00e9 et d&#8217;enregistrer les pr\u00e9f\u00e9rences des utilisateurs comme par exemple le consentement.<\/em> <\/td><td>6 mois<\/td><\/tr><\/tbody><\/table><\/figure>\n\n\n\n<p>Vous pouvez configurer votre navigateur pour emp\u00eacher l\u2019enregistrement de ces cookies sur votre ordinateur, en d\u00e9sactivant cette fonction dans votre logiciel de navigation en cliquant sur le lien&nbsp;d\u00e9sactivation.&nbsp;Vous pouvez \u00e9galement modifier vos souhaits en mati\u00e8re de cookies. Pour :<\/p>\n\n\n\n<ul class=\"wp-block-list\"><li>Internet Explorer&#x2122; :&nbsp;<a rel=\"noreferrer noopener\" href=\"http:\/\/windows.microsoft.com\/fr-FR\/windows-vista\/Block-or-allow-cookies\" target=\"_blank\">http:\/\/windows.microsoft.com\/fr-FR\/windows-vista\/Block-or-allow-cookies<\/a><\/li><li>Safari&#x2122; :&nbsp;<a href=\"https:\/\/support.apple.com\/fr-fr\/guide\/safari\/sfri11471\/mac\" target=\"_blank\" rel=\"noreferrer noopener\">https:\/\/support.apple.com\/fr-fr\/guide\/safari\/sfri11471\/mac<\/a><\/li><li>Chrome&#x2122; :&nbsp;<a rel=\"noreferrer noopener\" href=\"http:\/\/support.google.com\/chrome\/bin\/answer.py?hl=fr&amp;hlrm=en&amp;answer=95647\" target=\"_blank\">http:\/\/support.google.com\/chrome\/bin\/answer.py?hl=fr&amp;hlrm=en&amp;answer=95647<\/a><\/li><li>Firefox&#x2122; :&nbsp;<a rel=\"noreferrer noopener\" href=\"http:\/\/support.mozilla.org\/fr\/kb\/Activer%20et%20d%C3%A9sactiver%20les%20cookies\" target=\"_blank\">http:\/\/support.mozilla.org\/fr\/kb\/Activer%20et%20d%C3%A9sactiver%20les%20cookies<\/a><\/li><li>Opera&#x2122; :&nbsp;<a rel=\"noreferrer noopener\" href=\"https:\/\/www.opera.com\/help\/tutorials\/security\/privacy\/\" target=\"_blank\">https:\/\/www.opera.com\/help\/tutorials\/security\/privacy\/<\/a><\/li><\/ul>\n\n\n\n<h2 class=\"wp-block-heading\">Contenu embarqu\u00e9 depuis d\u2019autres sites<\/h2>\n\n\n\n<p><strong class=\"privacy-policy-tutorial\"><\/strong>Les articles de ce site peuvent inclure des contenus int\u00e9gr\u00e9s (par exemple des vid\u00e9os, images, articles\u2026). Le contenu int\u00e9gr\u00e9 depuis d\u2019autres sites se comporte de la m\u00eame mani\u00e8re que si le visiteur se rendait sur cet autre site.<\/p>\n\n\n\n<p>Ces sites web pourraient collecter des donn\u00e9es sur vous, utiliser des cookies, embarquer des outils de suivis tiers, suivre vos interactions avec ces contenus embarqu\u00e9s si vous disposez d\u2019un compte connect\u00e9 sur leur site web.<\/p>\n\n\n\n<h2 class=\"wp-block-heading\">Gestion des donn\u00e9es personnelles<\/h2>\n\n\n\n<p>La commune de <strong>Veynes<\/strong> collecte des informations personnelles pour le besoin de certains services propos\u00e9s par ce site.<\/p>\n\n\n\n<p>La commune, en tant que responsable de traitement, s&#8217;engage \u00e0 prendre toutes les pr\u00e9cautions utiles afin de pr\u00e9server la confidentialit\u00e9 et la s\u00e9curit\u00e9 des donn\u00e9es \u00e0 caract\u00e8re personnel dont elle est d\u00e9positaire dans le respect de la r\u00e9glementation en vigueur, conform\u00e9ment \u00e0 la loi \u00ab Informatique et Libert\u00e9s \u00bb n\u00b078-17 du 6 janvier 1978 modifi\u00e9e et au r\u00e8glement europ\u00e9en 2016\/679 du 26 avril 2016 concernant la protection des donn\u00e9es personnelles.<\/p>\n\n\n\n<p>Ces traitements de donn\u00e9es rel\u00e8vent de l&#8217;exercice d\u2019une mission d\u2019int\u00e9r\u00eat public dont est investie la commune de <strong>Veynes<\/strong> en application du R\u00e8glement g\u00e9n\u00e9ral sur la protection des donn\u00e9es (article 6 (1) du r\u00e8glement g\u00e9n\u00e9ral sur la protection des donn\u00e9es).<\/p>\n\n\n\n<h2 class=\"wp-block-heading\">Dur\u00e9es de stockage de vos donn\u00e9es<\/h2>\n\n\n\n<p>Si vous laissez un commentaire, le commentaire et ses m\u00e9tadonn\u00e9es sont conserv\u00e9s ind\u00e9finiment. Cela permet de reconna\u00eetre et approuver automatiquement les commentaires suivants au lieu de les laisser dans la file de mod\u00e9ration.<\/p>\n\n\n\n<p>Pour les comptes qui s\u2019inscrivent sur notre site (le cas \u00e9ch\u00e9ant), nous stockons \u00e9galement les donn\u00e9es personnelles indiqu\u00e9es dans leur profil. Tous les comptes peuvent voir, modifier ou supprimer leurs informations personnelles \u00e0 tout moment (\u00e0 l\u2019exception de leur identifiant). Les gestionnaires du site peuvent aussi voir et modifier ces informations.<\/p>\n\n\n\n<h2 class=\"wp-block-heading\">Les droits que vous avez sur vos donn\u00e9es<\/h2>\n\n\n\n<p>Conform\u00e9ment \u00e0 la r\u00e9glementation en vigueur, vous disposez, d\u2019un droit d\u2019acc\u00e8s et de rectification, un droit d\u2019opposition, un droit d\u2019effacement, un droit \u00e0 la limitation, un droit \u00e0 la portabilit\u00e9 des donn\u00e9es qui vous concernent si les conditions sont remplies et dans la limite de la r\u00e8glementation en vigueur. Pour exercer ces droits, il est n\u00e9cessaire d\u2019adresser un courriel au d\u00e9l\u00e9gu\u00e9 \u00e0 la protection des donn\u00e9es de la commune \u00e0 l\u2019adresse \u00e9lectronique suivante :  <a href=\"mailto:Secretariatgrl@veynes.fr\" target=\"_blank\" rel=\"noreferrer noopener\">Secretariatgrl@veynes.fr<\/a>  de la commune de <strong>Veynes<\/strong>, accompagn\u00e9 d\u2019un document permettant de justifier de votre identit\u00e9, ou bien par courrier \u00e0 l\u2019adresse postale suivante :<\/p>\n\n\n\n<p class=\"has-text-align-center\">Mairie de Veynes<\/p>\n\n\n\n<p class=\"has-text-align-center\">Place de la R\u00e9publique<\/p>\n\n\n\n<p class=\"has-text-align-center\">05400 Veynes<\/p>\n\n\n\n<p>Si vous estimez, apr\u00e8s nous avoir contact\u00e9s, que vos droits sur vos donn\u00e9es ne sont pas respect\u00e9s, vous pouvez adresser une r\u00e9clamation (plainte) \u00e0 l\u2019adresse suivante&nbsp;:&nbsp;<a href=\"https:\/\/www.cnil.fr\/fr\/plaintes\">https:\/\/www.cnil.fr\/fr\/plaintes<\/a> ou bien encore \u00e0 l\u2019adresse postale suivante : CNIL &#8211; 3 Place de Fontenoy &#8211; TSA 80715 &#8211; 75334 Paris Cedex 07<\/p>\n\n\n\n<h2 class=\"wp-block-heading\">Transmission de vos donn\u00e9es personnelles<\/h2>\n\n\n\n<p>Les commentaires des visiteurs peuvent \u00eatre v\u00e9rifi\u00e9s \u00e0 l\u2019aide d\u2019un service automatis\u00e9 de d\u00e9tection des commentaires ind\u00e9sirables.<\/p>\n\n\n\n<h2 class=\"wp-block-heading\">Licence de droit d&#8217;usage et copyright<\/h2>\n\n\n\n<p>L&#8217;ensemble de ce site rel\u00e8ve de la l\u00e9gislation fran\u00e7aise et internationale sur le droit d&#8217;auteur et de la propri\u00e9t\u00e9 intellectuelle, aussi bien en ce qui concerne sa forme (choix du plan, disposition des mati\u00e8res, moyens d&#8217;acc\u00e8s aux donn\u00e9es, organisation des donn\u00e9es&#8230;), qu&#8217;en ce qui concerne chacun des \u00e9l\u00e9ments de son contenu (textes, images, etc&#8230;).<\/p>\n\n\n\n<p>Toutes les reproductions, de tout ou partie de ce site, y compris pour les documents t\u00e9l\u00e9chargeables et les repr\u00e9sentations iconographiques et photographiques sont formellement interdites sauf autorisation expresse du responsable du site. L&#8217;atteinte \u00e0 un quelconque de ces droits est constitutive du d\u00e9lit p\u00e9nal de contrefa\u00e7on (art. L 335-1 \u00e0 335-10 du Code de la propri\u00e9t\u00e9 intellectuelle) et passible d&#8217;une peine d&#8217;emprisonnement de deux ans et de 150 000 euros d&#8217;amende.<\/p>\n","protected":false},"excerpt":{"rendered":"<p>Qui sommes-nous&nbsp;? Mairie de Veynes Place de la R\u00e9publique 05400 Veynes 04.92.58.10.22 secretariatgrl@veynes.fr L\u2019adresse de notre site est&nbsp;: https:\/\/veynes.fr. Directeur&hellip;<\/p>\n","protected":false},"author":6,"featured_media":0,"parent":0,"menu_order":0,"comment_status":"closed","ping_status":"closed","template":"","meta":{"footnotes":""},"class_list":["post-1737","page","type-page","status-publish","hentry"],"_links":{"self":[{"href":"https:\/\/veynes.fr\/index.php?rest_route=\/wp\/v2\/pages\/1737","targetHints":{"allow":["GET"]}}],"collection":[{"href":"https:\/\/veynes.fr\/index.php?rest_route=\/wp\/v2\/pages"}],"about":[{"href":"https:\/\/veynes.fr\/index.php?rest_route=\/wp\/v2\/types\/page"}],"author":[{"embeddable":true,"href":"https:\/\/veynes.fr\/index.php?rest_route=\/wp\/v2\/users\/6"}],"replies":[{"embeddable":true,"href":"https:\/\/veynes.fr\/index.php?rest_route=%2Fwp%2Fv2%2Fcomments&post=1737"}],"version-history":[{"count":4,"href":"https:\/\/veynes.fr\/index.php?rest_route=\/wp\/v2\/pages\/1737\/revisions"}],"predecessor-version":[{"id":3233,"href":"https:\/\/veynes.fr\/index.php?rest_route=\/wp\/v2\/pages\/1737\/revisions\/3233"}],"wp:attachment":[{"href":"https:\/\/veynes.fr\/index.php?rest_route=%2Fwp%2Fv2%2Fmedia&parent=1737"}],"curies":[{"name":"wp","href":"https:\/\/api.w.org\/{rel}","templated":true}]}}