{"id":1330,"date":"2021-07-22T14:36:09","date_gmt":"2021-07-22T14:36:09","guid":{"rendered":"https:\/\/veynes.fr\/?page_id=1330"},"modified":"2021-08-24T12:54:13","modified_gmt":"2021-08-24T12:54:13","slug":"decouverte-de-veynes","status":"publish","type":"page","link":"https:\/\/veynes.fr\/?page_id=1330","title":{"rendered":"D\u00e9couvrir Veynes"},"content":{"rendered":"\t\t<div data-elementor-type=\"wp-page\" data-elementor-id=\"1330\" class=\"elementor elementor-1330\">\n\t\t\t\t\t\t<section class=\"elementor-section elementor-top-section elementor-element elementor-element-a2dbe6e elementor-section-boxed elementor-section-height-default elementor-section-height-default\" data-id=\"a2dbe6e\" data-element_type=\"section\">\n\t\t\t\t\t\t<div class=\"elementor-container elementor-column-gap-default\">\n\t\t\t\t\t<div class=\"elementor-column elementor-col-100 elementor-top-column elementor-element elementor-element-496d3a1\" data-id=\"496d3a1\" data-element_type=\"column\">\n\t\t\t<div class=\"elementor-widget-wrap elementor-element-populated\">\n\t\t\t\t\t\t<div class=\"elementor-element elementor-element-2d428bb elementor-widget elementor-widget-heading\" data-id=\"2d428bb\" data-element_type=\"widget\" data-widget_type=\"heading.default\">\n\t\t\t\t<div class=\"elementor-widget-container\">\n\t\t\t\t\t<h2 class=\"elementor-heading-title elementor-size-default\">Tourisme<\/h2>\t\t\t\t<\/div>\n\t\t\t\t<\/div>\n\t\t\t\t<div class=\"elementor-element elementor-element-39f025a elementor-widget elementor-widget-text-editor\" data-id=\"39f025a\" data-element_type=\"widget\" data-widget_type=\"text-editor.default\">\n\t\t\t\t<div class=\"elementor-widget-container\">\n\t\t\t\t\t\t\t\t\t<p>Retrouvez \u00e0 l&#8217;office de tourisme des Sources du Bu\u00ebch vos vacances dans les Hautes-Alpes : Veynes, Montmaur, La Roche des Arnauds, Le Saix, Furmeyer, Chabestan, Oze, Saint Auban d&#8217;Oze, &#8230;<\/p>\n<p>Plus d&#8217;informations sur leur site internet.<\/p>\t\t\t\t\t\t\t\t<\/div>\n\t\t\t\t<\/div>\n\t\t\t\t<div class=\"elementor-element elementor-element-9923fc5 elementor-widget elementor-widget-image\" data-id=\"9923fc5\" data-element_type=\"widget\" data-widget_type=\"image.default\">\n\t\t\t\t<div class=\"elementor-widget-container\">\n\t\t\t\t\t\t\t\t\t\t\t\t\t\t\t\t<a href=\"https:\/\/www.sources-du-buech.com\/\">\n\t\t\t\t\t\t\t<img decoding=\"async\" width=\"300\" height=\"132\" src=\"https:\/\/veynes.fr\/wp-content\/uploads\/2021\/07\/LogoSourcesDubuech-300x132.png\" class=\"elementor-animation-shrink attachment-medium size-medium wp-image-1333\" alt=\"\" srcset=\"https:\/\/veynes.fr\/wp-content\/uploads\/2021\/07\/LogoSourcesDubuech-300x132.png 300w, https:\/\/veynes.fr\/wp-content\/uploads\/2021\/07\/LogoSourcesDubuech-768x339.png 768w, https:\/\/veynes.fr\/wp-content\/uploads\/2021\/07\/LogoSourcesDubuech.png 1000w\" sizes=\"(max-width: 300px) 100vw, 300px\" \/>\t\t\t\t\t\t\t\t<\/a>\n\t\t\t\t\t\t\t\t\t\t\t\t\t\t\t<\/div>\n\t\t\t\t<\/div>\n\t\t\t\t<div class=\"elementor-element elementor-element-d54dd24 elementor-widget elementor-widget-heading\" data-id=\"d54dd24\" data-element_type=\"widget\" data-widget_type=\"heading.default\">\n\t\t\t\t<div class=\"elementor-widget-container\">\n\t\t\t\t\t<h2 class=\"elementor-heading-title elementor-size-default\">Histoire de Veynes<\/h2>\t\t\t\t<\/div>\n\t\t\t\t<\/div>\n\t\t\t\t<section class=\"elementor-section elementor-inner-section elementor-element elementor-element-fc5c466 elementor-section-boxed elementor-section-height-default elementor-section-height-default\" data-id=\"fc5c466\" data-element_type=\"section\">\n\t\t\t\t\t\t<div class=\"elementor-container elementor-column-gap-default\">\n\t\t\t\t\t<div class=\"elementor-column elementor-col-50 elementor-inner-column elementor-element elementor-element-1af5234\" data-id=\"1af5234\" data-element_type=\"column\">\n\t\t\t<div class=\"elementor-widget-wrap elementor-element-populated\">\n\t\t\t\t\t\t<div class=\"elementor-element elementor-element-cd46f51 elementor-widget elementor-widget-image\" data-id=\"cd46f51\" data-element_type=\"widget\" data-widget_type=\"image.default\">\n\t\t\t\t<div class=\"elementor-widget-container\">\n\t\t\t\t\t\t\t\t\t\t\t\t\t\t\t<img decoding=\"async\" src=\"https:\/\/veynes.fr\/wp-content\/uploads\/elementor\/thumbs\/BE627FDD-A09F-4FC5-AEFE-5C888FAB4113-p556u5taodwxh55dcwjbk44d6zsqrnzo50rbiwfozw.jpeg\" title=\"BE627FDD-A09F-4FC5-AEFE-5C888FAB4113\" alt=\"BE627FDD-A09F-4FC5-AEFE-5C888FAB4113\" loading=\"lazy\" \/>\t\t\t\t\t\t\t\t\t\t\t\t\t\t\t<\/div>\n\t\t\t\t<\/div>\n\t\t\t\t\t<\/div>\n\t\t<\/div>\n\t\t\t\t<div class=\"elementor-column elementor-col-50 elementor-inner-column elementor-element elementor-element-2388202\" data-id=\"2388202\" data-element_type=\"column\">\n\t\t\t<div class=\"elementor-widget-wrap elementor-element-populated\">\n\t\t\t\t\t\t<div class=\"elementor-element elementor-element-e80d4d6 elementor-widget elementor-widget-text-editor\" data-id=\"e80d4d6\" data-element_type=\"widget\" data-widget_type=\"text-editor.default\">\n\t\t\t\t<div class=\"elementor-widget-container\">\n\t\t\t\t\t\t\t\t\t<p><\/p><strong>Veynes<\/strong> est une commune fran\u00e7aise situ\u00e9e dans le d\u00e9partement des Hautes-Alpes, en r\u00e9gion Provence-Alpes-C\u00f4te d&#8217;Azur. \n<p>La ville de Veynes est situ\u00e9e sur la moyenne vall\u00e9e du Petit Bu\u00ebch, qui s\u00e9pare le D\u00e9voluy des massifs de C\u00e9\u00fcze, Aujour et Saint-Genis qui le prolongent au sud.<\/p>\n<p><\/p>\n<p>Ses habitants sont appel\u00e9s les <em>Veynois<\/em>.<\/p>\n<p><\/p>\n<p><\/p>\t\t\t\t\t\t\t\t<\/div>\n\t\t\t\t<\/div>\n\t\t\t\t\t<\/div>\n\t\t<\/div>\n\t\t\t\t\t<\/div>\n\t\t<\/section>\n\t\t\t\t\t<\/div>\n\t\t<\/div>\n\t\t\t\t\t<\/div>\n\t\t<\/section>\n\t\t\t\t<section class=\"elementor-section elementor-top-section elementor-element elementor-element-1346cbc elementor-section-boxed elementor-section-height-default elementor-section-height-default\" data-id=\"1346cbc\" data-element_type=\"section\">\n\t\t\t\t\t\t<div class=\"elementor-container elementor-column-gap-default\">\n\t\t\t\t\t<div class=\"elementor-column elementor-col-100 elementor-top-column elementor-element elementor-element-8d9068b\" data-id=\"8d9068b\" data-element_type=\"column\">\n\t\t\t<div class=\"elementor-widget-wrap elementor-element-populated\">\n\t\t\t\t\t\t<div class=\"elementor-element elementor-element-9f004a4 elementor-widget elementor-widget-text-editor\" data-id=\"9f004a4\" data-element_type=\"widget\" data-widget_type=\"text-editor.default\">\n\t\t\t\t<div class=\"elementor-widget-container\">\n\t\t\t\t\t\t\t\t\t<p>Cette vall\u00e9e forme un passage d&#8217;orientation nord-est &#8211; sud-ouest entre le bassin de Gap et la vall\u00e9e du Bu\u00ebch, et au-del\u00e0 la vall\u00e9e du Rh\u00f4ne par le col de Cabre ou la vall\u00e9e de l&#8217;Eygues. La vall\u00e9e, en pente l\u00e9g\u00e8re (1\u00a0% en moyenne de la Roche-des-Arnauds au confluent des deux Bu\u00ebch), est propice aux cultures, mais menac\u00e9e par les crues du Petit Bu\u00ebch et de ses affluents (B\u00e9oux, Drouzet, Glaisette), tous de r\u00e9gime torrentiel. La ville s&#8217;est install\u00e9e sur la rive droite du Petit Bu\u00ebch le long de la Glaisette, \u00e0 l&#8217;abri de la montagne des Eygaux qui la prot\u00e8ge des vents d&#8217;ouest. Les espaces cultivables sont nombreux, dans la vall\u00e9e et dans les vallons adjacents (Saint-Marcellin, Glaise, Ch\u00e2teauvieux, le B\u00e9oux). La montagne, au nord, est couverte de for\u00eats exploit\u00e9es.<\/p>\t\t\t\t\t\t\t\t<\/div>\n\t\t\t\t<\/div>\n\t\t\t\t\t<\/div>\n\t\t<\/div>\n\t\t\t\t\t<\/div>\n\t\t<\/section>\n\t\t\t\t<section class=\"elementor-section elementor-top-section elementor-element elementor-element-a7fc6d3 elementor-section-boxed elementor-section-height-default elementor-section-height-default\" data-id=\"a7fc6d3\" data-element_type=\"section\">\n\t\t\t\t\t\t<div class=\"elementor-container elementor-column-gap-default\">\n\t\t\t\t\t<div class=\"elementor-column elementor-col-100 elementor-top-column elementor-element elementor-element-f8fbe88\" data-id=\"f8fbe88\" data-element_type=\"column\">\n\t\t\t<div class=\"elementor-widget-wrap elementor-element-populated\">\n\t\t\t\t\t\t<div class=\"elementor-element elementor-element-e9baab0 elementor-widget elementor-widget-google_maps\" data-id=\"e9baab0\" data-element_type=\"widget\" data-widget_type=\"google_maps.default\">\n\t\t\t\t<div class=\"elementor-widget-container\">\n\t\t\t\t\t\t\t<div class=\"elementor-custom-embed\">\n\t\t\t<iframe loading=\"lazy\"\n\t\t\t\t\tsrc=\"https:\/\/maps.google.com\/maps?q=Veynes&#038;t=m&#038;z=10&#038;output=embed&#038;iwloc=near\"\n\t\t\t\t\ttitle=\"Veynes\"\n\t\t\t\t\taria-label=\"Veynes\"\n\t\t\t><\/iframe>\n\t\t<\/div>\n\t\t\t\t\t\t<\/div>\n\t\t\t\t<\/div>\n\t\t\t\t<div class=\"elementor-element elementor-element-e280658 elementor-widget elementor-widget-text-editor\" data-id=\"e280658\" data-element_type=\"widget\" data-widget_type=\"text-editor.default\">\n\t\t\t\t<div class=\"elementor-widget-container\">\n\t\t\t\t\t\t\t\t\t<p>De par sa situation g\u00e9ographique, Veynes a toujours \u00e9t\u00e9 un lieu de passage. Un \u00ab\u00a0chemin romain\u00a0\u00bb est toujours visible au-dessus de l&#8217;entr\u00e9e est de Veynes, mais il a \u00e9t\u00e9 plusieurs fois remani\u00e9 (dont au XIXe si\u00e8cle). Il occupe toutefois probablement le trac\u00e9 de la voie qu&#8217;emprunta Jules C\u00e9sar se rendant en Gaule. <\/p>\n<p>L&#8217;arriv\u00e9e du chemin de fer en 1875, gr\u00e2ce \u00e0 l&#8217;ing\u00e9nieur Adrien Ruelle, donne un nouvel essor \u00e0 la ville. La \u00ab\u00a0ligne de Lyon-Perrache \u00e0 Marseille-Saint-Charles (via Grenoble)\u00a0\u00bb du PLM y fait un rebroussement, ce qui am\u00e8ne la compagnie \u00e0 y \u00e9tablir un important d\u00e9p\u00f4t de locomotives. La construction d&#8217;une ligne Livron &#8211; Aspres-sur-Bu\u00ebch en provenance de Valence, et le prolongement de ces lignes vers Gap puis Brian\u00e7on, constituant ce qu&#8217;on appela l&#8217;\u00ab\u00a0\u00c9toile de Veynes\u00a0\u00bb, font de la gare de Veynes le point central du trafic ferroviaire des Alpes du sud. Une fraction importante de la population vit alors de l&#8217;activit\u00e9 ferroviaire. La <i>Maison Aurouze<\/i>, aujourd&#8217;hui devenue HLM, rue Jean-Jaur\u00e8s, est le premier logement social destin\u00e9 aux familles cheminotes.<\/p>\t\t\t\t\t\t\t\t<\/div>\n\t\t\t\t<\/div>\n\t\t\t\t\t<\/div>\n\t\t<\/div>\n\t\t\t\t\t<\/div>\n\t\t<\/section>\n\t\t\t\t<section class=\"elementor-section elementor-top-section elementor-element elementor-element-9db4dde elementor-section-boxed elementor-section-height-default elementor-section-height-default\" data-id=\"9db4dde\" data-element_type=\"section\">\n\t\t\t\t\t\t<div class=\"elementor-container elementor-column-gap-default\">\n\t\t\t\t\t<div class=\"elementor-column elementor-col-100 elementor-top-column elementor-element elementor-element-9a8e34a\" data-id=\"9a8e34a\" data-element_type=\"column\">\n\t\t\t<div class=\"elementor-widget-wrap elementor-element-populated\">\n\t\t\t\t\t\t<div class=\"elementor-element elementor-element-02c51a8 elementor-widget elementor-widget-image\" data-id=\"02c51a8\" data-element_type=\"widget\" data-widget_type=\"image.default\">\n\t\t\t\t<div class=\"elementor-widget-container\">\n\t\t\t\t\t\t\t\t\t\t\t\t<figure class=\"wp-caption\">\n\t\t\t\t\t\t\t\t\t\t<img decoding=\"async\" src=\"https:\/\/veynes.fr\/wp-content\/uploads\/elementor\/thumbs\/AdrienRuelle-pahpusyvo2oaeeptjddapoj721ce16jqw3zaqlsja8.jpg\" title=\"Adrien Ruelle\" alt=\"Place Adrien Ruelle\" loading=\"lazy\" \/>\t\t\t\t\t\t\t\t\t\t\t<figcaption class=\"widget-image-caption wp-caption-text\">Place Adrien Ruelle<\/figcaption>\n\t\t\t\t\t\t\t\t\t\t<\/figure>\n\t\t\t\t\t\t\t\t\t<\/div>\n\t\t\t\t<\/div>\n\t\t\t\t<div class=\"elementor-element elementor-element-2a5acf4 elementor-widget elementor-widget-text-editor\" data-id=\"2a5acf4\" data-element_type=\"widget\" data-widget_type=\"text-editor.default\">\n\t\t\t\t<div class=\"elementor-widget-container\">\n\t\t\t\t\t\t\t\t\t<p>Veynes est le si\u00e8ge de la communaut\u00e9 de communes Bu\u00ebch D\u00e9voluy. \u00c0 partir du<time class=\"nowrap\" datetime=\"2017-01-01\" data-sort-value=\"2017-01-01\"> 1er janvier 2017<\/time>, cette communaut\u00e9 de communes portera le m\u00eame nom et conserve son si\u00e8ge dans cette commune (arr\u00eat\u00e9 pr\u00e9fectoral du <span class=\"nowrap\">21 octobre 2016<\/span>). En 2018, la commune comptait 3 199 habitants, en augmentation de 1,56 % par rapport \u00e0 2013.<\/p>\t\t\t\t\t\t\t\t<\/div>\n\t\t\t\t<\/div>\n\t\t\t\t<div class=\"elementor-element elementor-element-24495e5 elementor-widget elementor-widget-image\" data-id=\"24495e5\" data-element_type=\"widget\" data-widget_type=\"image.default\">\n\t\t\t\t<div class=\"elementor-widget-container\">\n\t\t\t\t\t\t\t\t\t\t\t\t<figure class=\"wp-caption\">\n\t\t\t\t\t\t\t\t\t\t<img fetchpriority=\"high\" decoding=\"async\" width=\"480\" height=\"270\" src=\"https:\/\/veynes.fr\/wp-content\/uploads\/2021\/07\/TableauMaire-1.png\" class=\"attachment-large size-large wp-image-1334\" alt=\"\" srcset=\"https:\/\/veynes.fr\/wp-content\/uploads\/2021\/07\/TableauMaire-1.png 480w, https:\/\/veynes.fr\/wp-content\/uploads\/2021\/07\/TableauMaire-1-300x169.png 300w\" sizes=\"(max-width: 480px) 100vw, 480px\" \/>\t\t\t\t\t\t\t\t\t\t\t<figcaption class=\"widget-image-caption wp-caption-text\">Liste des maires <\/figcaption>\n\t\t\t\t\t\t\t\t\t\t<\/figure>\n\t\t\t\t\t\t\t\t\t<\/div>\n\t\t\t\t<\/div>\n\t\t\t\t\t<\/div>\n\t\t<\/div>\n\t\t\t\t\t<\/div>\n\t\t<\/section>\n\t\t\t\t<section class=\"elementor-section elementor-top-section elementor-element elementor-element-ed1d63f elementor-section-boxed elementor-section-height-default elementor-section-height-default\" data-id=\"ed1d63f\" data-element_type=\"section\">\n\t\t\t\t\t\t<div class=\"elementor-container elementor-column-gap-default\">\n\t\t\t\t\t<div class=\"elementor-column elementor-col-100 elementor-top-column elementor-element elementor-element-0574163\" data-id=\"0574163\" data-element_type=\"column\">\n\t\t\t<div class=\"elementor-widget-wrap\">\n\t\t\t\t\t\t\t<\/div>\n\t\t<\/div>\n\t\t\t\t\t<\/div>\n\t\t<\/section>\n\t\t\t\t<\/div>\n\t\t","protected":false},"excerpt":{"rendered":"<p>Tourisme Retrouvez \u00e0 l&#8217;office de tourisme des Sources du Bu\u00ebch vos vacances dans les Hautes-Alpes : Veynes, Montmaur, La Roche&hellip;<\/p>\n","protected":false},"author":6,"featured_media":0,"parent":0,"menu_order":0,"comment_status":"closed","ping_status":"closed","template":"","meta":{"footnotes":""},"class_list":["post-1330","page","type-page","status-publish","hentry"],"_links":{"self":[{"href":"https:\/\/veynes.fr\/index.php?rest_route=\/wp\/v2\/pages\/1330","targetHints":{"allow":["GET"]}}],"collection":[{"href":"https:\/\/veynes.fr\/index.php?rest_route=\/wp\/v2\/pages"}],"about":[{"href":"https:\/\/veynes.fr\/index.php?rest_route=\/wp\/v2\/types\/page"}],"author":[{"embeddable":true,"href":"https:\/\/veynes.fr\/index.php?rest_route=\/wp\/v2\/users\/6"}],"replies":[{"embeddable":true,"href":"https:\/\/veynes.fr\/index.php?rest_route=%2Fwp%2Fv2%2Fcomments&post=1330"}],"version-history":[{"count":12,"href":"https:\/\/veynes.fr\/index.php?rest_route=\/wp\/v2\/pages\/1330\/revisions"}],"predecessor-version":[{"id":1346,"href":"https:\/\/veynes.fr\/index.php?rest_route=\/wp\/v2\/pages\/1330\/revisions\/1346"}],"wp:attachment":[{"href":"https:\/\/veynes.fr\/index.php?rest_route=%2Fwp%2Fv2%2Fmedia&parent=1330"}],"curies":[{"name":"wp","href":"https:\/\/api.w.org\/{rel}","templated":true}]}}