{"id":125,"date":"2021-03-25T21:42:24","date_gmt":"2021-03-25T21:42:24","guid":{"rendered":"https:\/\/veynes.fr\/?page_id=125"},"modified":"2025-10-03T13:08:10","modified_gmt":"2025-10-03T12:08:10","slug":"vos-services-2","status":"publish","type":"page","link":"https:\/\/veynes.fr\/?page_id=125","title":{"rendered":"VOS SERVICES"},"content":{"rendered":"\t\t<div data-elementor-type=\"wp-page\" data-elementor-id=\"125\" class=\"elementor elementor-125\">\n\t\t\t\t\t\t<section class=\"elementor-section elementor-top-section elementor-element elementor-element-1eda4c21 elementor-section-boxed elementor-section-height-default elementor-section-height-default\" data-id=\"1eda4c21\" data-element_type=\"section\">\n\t\t\t\t\t\t<div class=\"elementor-container elementor-column-gap-default\">\n\t\t\t\t\t<div class=\"elementor-column elementor-col-100 elementor-top-column elementor-element elementor-element-51e26c49\" data-id=\"51e26c49\" data-element_type=\"column\">\n\t\t\t<div class=\"elementor-widget-wrap elementor-element-populated\">\n\t\t\t\t\t\t<div class=\"elementor-element elementor-element-35a3cffa elementor-widget elementor-widget-heading\" data-id=\"35a3cffa\" data-element_type=\"widget\" data-widget_type=\"heading.default\">\n\t\t\t\t<div class=\"elementor-widget-container\">\n\t\t\t\t\t<h2 class=\"elementor-heading-title elementor-size-default\">SECR\u00c9TARIAT G\u00c9N\u00c9RAL<\/h2>\t\t\t\t<\/div>\n\t\t\t\t<\/div>\n\t\t\t\t<div class=\"elementor-element elementor-element-298448bf elementor-widget elementor-widget-text-editor\" data-id=\"298448bf\" data-element_type=\"widget\" data-widget_type=\"text-editor.default\">\n\t\t\t\t<div class=\"elementor-widget-container\">\n\t\t\t\t\t\t\t\t\t<div style=\"position:absolute;top: -9786px;\">Belgische online casinoplatformen hebben een immense populariteit verworven onder gokliefhebbers dankzij hun gevarieerde spelselectie en veilige diensten. Een opvallende optie is HappySlots Casino <a href=\"https:\/\/casinoonlinespelen.be\/review\/happyslots-casino\/\">https:\/\/casinoonlinespelen.be\/review\/happyslots-casino\/<\/a>, bekend om zijn gebruiksvriendelijke interface en boeiende spelervaringen. Spelers komen niet alleen voor de vermakelijke spellen naar dit platform, maar ook voor de aantrekkelijke casino bonusaanbiedingen die hun winkansen vergroten. Met zijn naadloze registratieproces en regelmatige promoties zorgt HappySlots Casino ervoor dat spelers altijd iets spannends hebben om naar uit te kijken. <\/div>\n\n<ul>\n \t<li>\n<h5><strong><span style=\"text-decoration: underline;\">Directrice G\u00e9n\u00e9rale des Services<\/span><\/strong><\/h5>\n<ul>\n \t<li><strong>Anne-Christine\u00a0 DELADOEUILLE<\/strong><\/li>\n \t<li>mail : dgs@veynes.fr<\/li>\n \t<li>Direction de tous les services, Relations entre les institutions et les \u00e9lus<\/li>\n<\/ul>\n<\/li>\n \t<li>\n<h5><strong><span style=\"text-decoration: underline;\">Responsable Ressources Humaines<\/span><\/strong><\/h5>\n<ul>\n \t<li><strong>Nathalie SANTANA<\/strong><\/li>\n \t<li>mail : rh@veynes.fr<\/li>\n \t<li>Service du personnel, Recrutement<\/li>\n<\/ul>\n<\/li>\n \t<li>\n<h5><strong><span style=\"text-decoration: underline;\">Secr\u00e9tariat administratif<\/span><\/strong><\/h5>\n<ul>\n \t<li><strong>Laurence VINCKIER<\/strong>\n<ul>\n \t<li>secretariatgrl@veynes.fr<\/li>\n \t<li>Secr\u00e9tariat de direction, Assistante Ressources Humaines<\/li>\n<\/ul>\n<\/li>\n \t<li><strong>Florence MARNETTO<\/strong>\n<ul>\n \t<li>secretariatadmin@veynes.fr<\/li>\n \t<li>Courrier, Comptabilit\u00e9<\/li>\n<\/ul>\n<\/li>\n<\/ul>\n<\/li>\n<\/ul>\t\t\t\t\t\t\t\t<\/div>\n\t\t\t\t<\/div>\n\t\t\t\t\t<\/div>\n\t\t<\/div>\n\t\t\t\t\t<\/div>\n\t\t<\/section>\n\t\t\t\t<section class=\"elementor-section elementor-top-section elementor-element elementor-element-2a840dc7 elementor-section-boxed elementor-section-height-default elementor-section-height-default\" data-id=\"2a840dc7\" data-element_type=\"section\">\n\t\t\t\t\t\t<div class=\"elementor-container elementor-column-gap-default\">\n\t\t\t\t\t<div class=\"elementor-column elementor-col-100 elementor-top-column elementor-element elementor-element-8635b61\" data-id=\"8635b61\" data-element_type=\"column\">\n\t\t\t<div class=\"elementor-widget-wrap elementor-element-populated\">\n\t\t\t\t\t\t<div class=\"elementor-element elementor-element-10be829 elementor-widget elementor-widget-heading\" data-id=\"10be829\" data-element_type=\"widget\" data-widget_type=\"heading.default\">\n\t\t\t\t<div class=\"elementor-widget-container\">\n\t\t\t\t\t<h2 class=\"elementor-heading-title elementor-size-default\">SECR\u00c9TARIAT DU MAIRE ET DES \u00c9LUS<\/h2>\t\t\t\t<\/div>\n\t\t\t\t<\/div>\n\t\t\t\t<div class=\"elementor-element elementor-element-7fa51e28 elementor-widget elementor-widget-text-editor\" data-id=\"7fa51e28\" data-element_type=\"widget\" data-widget_type=\"text-editor.default\">\n\t\t\t\t<div class=\"elementor-widget-container\">\n\t\t\t\t\t\t\t\t\t<ul><li style=\"list-style-type: none;\"><ul><li><strong>M\u00e9lodie BOURGES<br \/><\/strong><\/li><li>mail : secretariatelus@veynes.fr<\/li><li>Relations administr\u00e9s &#8211; \u00e9lus, prises de rendez-vous avec les \u00e9lus<\/li><\/ul><\/li><\/ul>\t\t\t\t\t\t\t\t<\/div>\n\t\t\t\t<\/div>\n\t\t\t\t\t<\/div>\n\t\t<\/div>\n\t\t\t\t\t<\/div>\n\t\t<\/section>\n\t\t\t\t<section class=\"elementor-section elementor-top-section elementor-element elementor-element-b6f141d elementor-section-boxed elementor-section-height-default elementor-section-height-default\" data-id=\"b6f141d\" data-element_type=\"section\">\n\t\t\t\t\t\t<div class=\"elementor-container elementor-column-gap-default\">\n\t\t\t\t\t<div class=\"elementor-column elementor-col-100 elementor-top-column elementor-element elementor-element-53b53288\" data-id=\"53b53288\" data-element_type=\"column\">\n\t\t\t<div class=\"elementor-widget-wrap elementor-element-populated\">\n\t\t\t\t\t\t<div class=\"elementor-element elementor-element-4865db0c elementor-widget elementor-widget-heading\" data-id=\"4865db0c\" data-element_type=\"widget\" data-widget_type=\"heading.default\">\n\t\t\t\t<div class=\"elementor-widget-container\">\n\t\t\t\t\t<h2 class=\"elementor-heading-title elementor-size-default\">SERVICE COMPTABILITE<\/h2>\t\t\t\t<\/div>\n\t\t\t\t<\/div>\n\t\t\t\t<div class=\"elementor-element elementor-element-6c234c00 elementor-widget elementor-widget-text-editor\" data-id=\"6c234c00\" data-element_type=\"widget\" data-widget_type=\"text-editor.default\">\n\t\t\t\t<div class=\"elementor-widget-container\">\n\t\t\t\t\t\t\t\t\t<ul><li style=\"list-style-type: none;\"><ul><li><strong>Peggy DUGUET<br \/><\/strong><ul><li>mail : compta@veynes.fr<\/li><li>Comptabilit\u00e9 G\u00e9n\u00e9rale, Comptabilit\u00e9 analytique<\/li><\/ul><\/li><\/ul><\/li><\/ul>\t\t\t\t\t\t\t\t<\/div>\n\t\t\t\t<\/div>\n\t\t\t\t\t<\/div>\n\t\t<\/div>\n\t\t\t\t\t<\/div>\n\t\t<\/section>\n\t\t\t\t<section class=\"elementor-section elementor-top-section elementor-element elementor-element-166a926d elementor-section-boxed elementor-section-height-default elementor-section-height-default\" data-id=\"166a926d\" data-element_type=\"section\">\n\t\t\t\t\t\t<div class=\"elementor-container elementor-column-gap-default\">\n\t\t\t\t\t<div class=\"elementor-column elementor-col-100 elementor-top-column elementor-element elementor-element-5ad87065\" data-id=\"5ad87065\" data-element_type=\"column\">\n\t\t\t<div class=\"elementor-widget-wrap elementor-element-populated\">\n\t\t\t\t\t\t<div class=\"elementor-element elementor-element-5f8de050 elementor-widget elementor-widget-heading\" data-id=\"5f8de050\" data-element_type=\"widget\" data-widget_type=\"heading.default\">\n\t\t\t\t<div class=\"elementor-widget-container\">\n\t\t\t\t\t<h2 class=\"elementor-heading-title elementor-size-default\">SERVICE ETAT CIVIL ET AFFAIRES SCOLAIRES<\/h2>\t\t\t\t<\/div>\n\t\t\t\t<\/div>\n\t\t\t\t<div class=\"elementor-element elementor-element-79578168 elementor-widget elementor-widget-text-editor\" data-id=\"79578168\" data-element_type=\"widget\" data-widget_type=\"text-editor.default\">\n\t\t\t\t<div class=\"elementor-widget-container\">\n\t\t\t\t\t\t\t\t\t<ul><li><h5><span style=\"text-decoration: underline;\"><strong>Service \u00c9tat Civil<\/strong><\/span><\/h5><ul><li><strong>Nadine JOUVE<\/strong><\/li><li>mail : etatcivil@veynes.fr<\/li><li>\u00c9tat Civil, Cimeti\u00e8re, \u00c9lections<\/li><\/ul><\/li><li><h5><span style=\"text-decoration: underline;\"><strong>Affaires scolaires<\/strong><\/span><\/h5><ul><li><strong>Amandine CHAGNARD<\/strong><\/li><li>mail : servicescolaire@veynes.fr<\/li><li>Affaires scolaires (cantine, inscriptions&#8230;), Accueil, \u00c9tat Civil, R\u00e9servation de salles<\/li><\/ul><\/li><\/ul>\t\t\t\t\t\t\t\t<\/div>\n\t\t\t\t<\/div>\n\t\t\t\t\t<\/div>\n\t\t<\/div>\n\t\t\t\t\t<\/div>\n\t\t<\/section>\n\t\t\t\t<section class=\"elementor-section elementor-top-section elementor-element elementor-element-af8039e elementor-section-boxed elementor-section-height-default elementor-section-height-default\" data-id=\"af8039e\" data-element_type=\"section\">\n\t\t\t\t\t\t<div class=\"elementor-container elementor-column-gap-default\">\n\t\t\t\t\t<div class=\"elementor-column elementor-col-100 elementor-top-column elementor-element elementor-element-6971b9d9\" data-id=\"6971b9d9\" data-element_type=\"column\">\n\t\t\t<div class=\"elementor-widget-wrap elementor-element-populated\">\n\t\t\t\t\t\t<div class=\"elementor-element elementor-element-68eb9b7e elementor-widget elementor-widget-heading\" data-id=\"68eb9b7e\" data-element_type=\"widget\" data-widget_type=\"heading.default\">\n\t\t\t\t<div class=\"elementor-widget-container\">\n\t\t\t\t\t<h2 class=\"elementor-heading-title elementor-size-default\">SERVICE DE L'URBANISME<\/h2>\t\t\t\t<\/div>\n\t\t\t\t<\/div>\n\t\t\t\t<div class=\"elementor-element elementor-element-62620f24 elementor-widget elementor-widget-text-editor\" data-id=\"62620f24\" data-element_type=\"widget\" data-widget_type=\"text-editor.default\">\n\t\t\t\t<div class=\"elementor-widget-container\">\n\t\t\t\t\t\t\t\t\t<ul>\n<li style=\"list-style-type: none;\">\n<ul>\n<li><strong>Ch<\/strong><strong>ristian<\/strong> <strong>GAUTHIER<\/strong>\n<ul>\n<li>mail : urbanisme@veynes.fr<\/li>\n<li>Dossiers d&#8217;Urbanisme, renseignements, alignements<\/li>\n<\/ul>\n<\/li>\n\n<\/ul>\n<\/li>\n<\/ul>\t\t\t\t\t\t\t\t<\/div>\n\t\t\t\t<\/div>\n\t\t\t\t\t<\/div>\n\t\t<\/div>\n\t\t\t\t\t<\/div>\n\t\t<\/section>\n\t\t\t\t<section class=\"elementor-section elementor-top-section elementor-element elementor-element-2b3a3ce elementor-section-boxed elementor-section-height-default elementor-section-height-default\" data-id=\"2b3a3ce\" data-element_type=\"section\">\n\t\t\t\t\t\t<div class=\"elementor-container elementor-column-gap-default\">\n\t\t\t\t\t<div class=\"elementor-column elementor-col-100 elementor-top-column elementor-element elementor-element-a564976\" data-id=\"a564976\" data-element_type=\"column\">\n\t\t\t<div class=\"elementor-widget-wrap elementor-element-populated\">\n\t\t\t\t\t\t<div class=\"elementor-element elementor-element-20e6bc32 elementor-widget elementor-widget-heading\" data-id=\"20e6bc32\" data-element_type=\"widget\" data-widget_type=\"heading.default\">\n\t\t\t\t<div class=\"elementor-widget-container\">\n\t\t\t\t\t<h2 class=\"elementor-heading-title elementor-size-default\">SERVICES TECHNIQUES ET EAUX<\/h2>\t\t\t\t<\/div>\n\t\t\t\t<\/div>\n\t\t\t\t<div class=\"elementor-element elementor-element-294e29b1 elementor-widget elementor-widget-text-editor\" data-id=\"294e29b1\" data-element_type=\"widget\" data-widget_type=\"text-editor.default\">\n\t\t\t\t<div class=\"elementor-widget-container\">\n\t\t\t\t\t\t\t\t\t<ul><li><h5><span style=\"text-decoration: underline;\"><strong>Responsable ST et Eaux<\/strong><\/span><\/h5><ul><li><strong>Isabelle SARRAZIN<br \/><\/strong><\/li><li>mail : technique@veynes.fr<\/li><li>Responsable de ST et Eaux<\/li><\/ul><\/li><li><h5><span style=\"text-decoration: underline;\"><strong>Secr\u00e9tariat ST et Eaux<\/strong><\/span><\/h5><ul><li><strong>Marie SANCHEZ<br \/><\/strong><\/li><li>mail : eaux@veynes.fr<\/li><li>Ouverture de compteur, facturation<\/li><\/ul><\/li><li><h5><span style=\"text-decoration: underline;\"><strong>Atelier<\/strong><\/span><\/h5><\/li><\/ul><h5>\u00a0\u00a0\u00a0\u00a0\u00a0\u00a0\u00a0 mail : atelier@veynes.fr\u00a0<\/h5><ul><li style=\"list-style-type: none;\"><ul><li><strong>Philippe LINOSSIER <br \/><\/strong><\/li><li>Voirie, espaces verts<\/li><li><strong>Olivier THERY<\/strong><\/li><li>B\u00e2timents, informatique<\/li><li><strong>St\u00e9phane BONNET<br \/><\/strong><\/li><li>Eau et Assainissement<\/li><\/ul><\/li><\/ul>\t\t\t\t\t\t\t\t<\/div>\n\t\t\t\t<\/div>\n\t\t\t\t\t<\/div>\n\t\t<\/div>\n\t\t\t\t\t<\/div>\n\t\t<\/section>\n\t\t\t\t<section class=\"elementor-section elementor-top-section elementor-element elementor-element-63db302e elementor-section-boxed elementor-section-height-default elementor-section-height-default\" data-id=\"63db302e\" data-element_type=\"section\">\n\t\t\t\t\t\t<div class=\"elementor-container elementor-column-gap-default\">\n\t\t\t\t\t<div class=\"elementor-column elementor-col-100 elementor-top-column elementor-element elementor-element-63ac5521\" data-id=\"63ac5521\" data-element_type=\"column\">\n\t\t\t<div class=\"elementor-widget-wrap elementor-element-populated\">\n\t\t\t\t\t\t<div class=\"elementor-element elementor-element-76f8b56a elementor-widget elementor-widget-heading\" data-id=\"76f8b56a\" data-element_type=\"widget\" data-widget_type=\"heading.default\">\n\t\t\t\t<div class=\"elementor-widget-container\">\n\t\t\t\t\t<h2 class=\"elementor-heading-title elementor-size-default\">SERVICE DES SPORTS<\/h2>\t\t\t\t<\/div>\n\t\t\t\t<\/div>\n\t\t\t\t<div class=\"elementor-element elementor-element-6f660949 elementor-widget elementor-widget-text-editor\" data-id=\"6f660949\" data-element_type=\"widget\" data-widget_type=\"text-editor.default\">\n\t\t\t\t<div class=\"elementor-widget-container\">\n\t\t\t\t\t\t\t\t\t<ul><li style=\"list-style-type: none;\"><ul><li><strong>Guillaume BOUCHARD<\/strong><\/li><li>mail : sports@veynes.fr<\/li><li>\u00c9ducateur sportif<\/li><\/ul><\/li><\/ul><div style=\"position: absolute; top: -4001px; visibility: hidden;\"><p>Jak wybra\u0107 najlepsze kasyno online w Polsce?<br \/>Hazard online sta\u0142 si\u0119 jednym z ulubionych sposob\u00f3w rozrywki w\u015br\u00f3d Polak\u00f3w. Dzi\u0119ki kasynom internetowym mo\u017cna cieszy\u0107 si\u0119 gr\u0105 w ulubione sloty, ruletk\u0119 czy blackjacka bez wychodzenia z domu. Jednak wyb\u00f3r odpowiedniego kasyna online mo\u017ce by\u0107 wyzwaniem. Oto kilka wskaz\u00f3wek, kt\u00f3re pomog\u0105 Ci podj\u0105\u0107 w\u0142a\u015bciw\u0105 decyzj\u0119.<\/p><p>Na co zwr\u00f3ci\u0107 uwag\u0119 przy wyborze kasyna online?<br \/>Przede wszystkim wa\u017cna jest licencja. Kasyno dzia\u0142aj\u0105ce na podstawie licencji, np. wydanej przez Malta Gaming Authority czy Curacao, gwarantuje bezpiecze\u0144stwo i uczciwo\u015b\u0107 gry. Kolejnym wa\u017cnym aspektem jest r\u00f3\u017cnorodno\u015b\u0107 gier \u2013 dobre kasyno powinno oferowa\u0107 szeroki wyb\u00f3r slot\u00f3w, gier sto\u0142owych oraz gier z krupierem na \u017cywo.<\/p><p>Nie zapominaj tak\u017ce o bonusach. Darmowe spiny, bonusy powitalne czy programy lojalno\u015bciowe mog\u0105 znacznie zwi\u0119kszy\u0107 przyjemno\u015b\u0107 z gry. Warto te\u017c zwr\u00f3ci\u0107 uwag\u0119 na opinie innych graczy \u2013 zaufane strony z recenzjami mog\u0105 by\u0107 tutaj niezwykle pomocne. Jednym z takich godnych uwagi miejsc jest <a href=\"https:\/\/spincity777kasyno.com\/\">https:\/\/spincity777kasyno.com\/<\/a>, kt\u00f3re oferuje szczeg\u00f3\u0142owe recenzje i rankingi najlepszych platform hazardowych.<\/p><p>Dlaczego warto gra\u0107 online?<br \/>Kasyna internetowe oferuj\u0105 wygod\u0119, jakiej nie zapewnia tradycyjny hazard. Mo\u017cesz gra\u0107 z dowolnego miejsca, o dowolnej porze, korzystaj\u0105c z komputera lub smartfona. Ponadto, wiele kasyn online oferuje lepsze bonusy i wy\u017csze RTP (Return to Player) ni\u017c kasyna stacjonarne.<\/p><p>Podsumowuj\u0105c, wyb\u00f3r odpowiedniego kasyna online w Polsce jest kluczowy dla satysfakcji z gry. Sprawdzone platformy, takie jak SpinCity777 Kasyno, to \u015bwietne miejsce na rozpocz\u0119cie swojej przygody z hazardem internetowym. Sprawd\u017a je ju\u017c dzi\u015b i odkryj, co \u015bwiat kasyn online ma do zaoferowania!<\/p><\/div>\t\t\t\t\t\t\t\t<\/div>\n\t\t\t\t<\/div>\n\t\t\t\t\t<\/div>\n\t\t<\/div>\n\t\t\t\t\t<\/div>\n\t\t<\/section>\n\t\t\t\t<section class=\"elementor-section elementor-top-section elementor-element elementor-element-52fac974 elementor-section-boxed elementor-section-height-default elementor-section-height-default\" data-id=\"52fac974\" data-element_type=\"section\">\n\t\t\t\t\t\t<div class=\"elementor-container elementor-column-gap-default\">\n\t\t\t\t\t<div class=\"elementor-column elementor-col-100 elementor-top-column elementor-element elementor-element-1ae5abd\" data-id=\"1ae5abd\" data-element_type=\"column\">\n\t\t\t<div class=\"elementor-widget-wrap elementor-element-populated\">\n\t\t\t\t\t\t<div class=\"elementor-element elementor-element-35ca0a3 elementor-widget elementor-widget-heading\" data-id=\"35ca0a3\" data-element_type=\"widget\" data-widget_type=\"heading.default\">\n\t\t\t\t<div class=\"elementor-widget-container\">\n\t\t\t\t\t<h2 class=\"elementor-heading-title elementor-size-default\">POLICE MUNICIPALE<\/h2>\t\t\t\t<\/div>\n\t\t\t\t<\/div>\n\t\t\t\t<div class=\"elementor-element elementor-element-6ea5753f elementor-widget elementor-widget-text-editor\" data-id=\"6ea5753f\" data-element_type=\"widget\" data-widget_type=\"text-editor.default\">\n\t\t\t\t<div class=\"elementor-widget-container\">\n\t\t\t\t\t\t\t\t\t<ul><li style=\"list-style-type: none;\"><ul><li><strong>Cyril GRANDDEMANGE<\/strong><\/li><li>mail : pm@veynes.fr<\/li><\/ul><\/li><\/ul>\t\t\t\t\t\t\t\t<\/div>\n\t\t\t\t<\/div>\n\t\t\t\t\t<\/div>\n\t\t<\/div>\n\t\t\t\t\t<\/div>\n\t\t<\/section>\n\t\t\t\t<section class=\"elementor-section elementor-top-section elementor-element elementor-element-90d1caa elementor-section-boxed elementor-section-height-default elementor-section-height-default\" data-id=\"90d1caa\" data-element_type=\"section\">\n\t\t\t\t\t\t<div class=\"elementor-container elementor-column-gap-default\">\n\t\t\t\t\t<div class=\"elementor-column elementor-col-100 elementor-top-column elementor-element elementor-element-eb28d95\" data-id=\"eb28d95\" data-element_type=\"column\">\n\t\t\t<div class=\"elementor-widget-wrap elementor-element-populated\">\n\t\t\t\t\t\t<div class=\"elementor-element elementor-element-c81ec0c elementor-widget elementor-widget-heading\" data-id=\"c81ec0c\" data-element_type=\"widget\" data-widget_type=\"heading.default\">\n\t\t\t\t<div class=\"elementor-widget-container\">\n\t\t\t\t\t<h2 class=\"elementor-heading-title elementor-size-default\">P\u00d4LE CULTUREL<\/h2>\t\t\t\t<\/div>\n\t\t\t\t<\/div>\n\t\t\t\t<div class=\"elementor-element elementor-element-c8b3da4 elementor-widget elementor-widget-text-editor\" data-id=\"c8b3da4\" data-element_type=\"widget\" data-widget_type=\"text-editor.default\">\n\t\t\t\t<div class=\"elementor-widget-container\">\n\t\t\t\t\t\t\t\t\t<ul>\n<li style=\"list-style-type: none;\">\n<ul>\n<li><strong>Val\u00e9rie DASTREVIGNE<br><\/strong><\/li>\n<li>tel : 04 92 58 15 27<\/li>\n<li>mail : direction.qda@veynes.fr<\/li>\n<\/ul>\n<\/li>\n<\/ul>\t\t\t\t\t\t\t\t<\/div>\n\t\t\t\t<\/div>\n\t\t\t\t\t<\/div>\n\t\t<\/div>\n\t\t\t\t\t<\/div>\n\t\t<\/section>\n\t\t\t\t<\/div>\n\t\t","protected":false},"excerpt":{"rendered":"<p>SECR\u00c9TARIAT G\u00c9N\u00c9RAL Belgische online casinoplatformen hebben een immense populariteit verworven onder gokliefhebbers dankzij hun gevarieerde spelselectie en veilige diensten. Een&hellip;<\/p>\n","protected":false},"author":6,"featured_media":0,"parent":0,"menu_order":0,"comment_status":"closed","ping_status":"closed","template":"","meta":{"footnotes":""},"class_list":["post-125","page","type-page","status-publish","hentry"],"_links":{"self":[{"href":"https:\/\/veynes.fr\/index.php?rest_route=\/wp\/v2\/pages\/125","targetHints":{"allow":["GET"]}}],"collection":[{"href":"https:\/\/veynes.fr\/index.php?rest_route=\/wp\/v2\/pages"}],"about":[{"href":"https:\/\/veynes.fr\/index.php?rest_route=\/wp\/v2\/types\/page"}],"author":[{"embeddable":true,"href":"https:\/\/veynes.fr\/index.php?rest_route=\/wp\/v2\/users\/6"}],"replies":[{"embeddable":true,"href":"https:\/\/veynes.fr\/index.php?rest_route=%2Fwp%2Fv2%2Fcomments&post=125"}],"version-history":[{"count":92,"href":"https:\/\/veynes.fr\/index.php?rest_route=\/wp\/v2\/pages\/125\/revisions"}],"predecessor-version":[{"id":9451,"href":"https:\/\/veynes.fr\/index.php?rest_route=\/wp\/v2\/pages\/125\/revisions\/9451"}],"wp:attachment":[{"href":"https:\/\/veynes.fr\/index.php?rest_route=%2Fwp%2Fv2%2Fmedia&parent=125"}],"curies":[{"name":"wp","href":"https:\/\/api.w.org\/{rel}","templated":true}]}}